{"id":15,"date":"2021-08-22T06:12:36","date_gmt":"2021-08-22T06:12:36","guid":{"rendered":"http:\/\/hairbysusan.de\/?page_id=15"},"modified":"2022-01-14T11:38:25","modified_gmt":"2022-01-14T11:38:25","slug":"datenschutz","status":"publish","type":"page","link":"https:\/\/hairbysusan.de\/index.php\/datenschutz\/","title":{"rendered":"Datenschutz"},"content":{"rendered":"<p>[et_pb_section fb_built=&#8220;1&#8243; admin_label=&#8220;Header&#8220; _builder_version=&#8220;4.11.3&#8243; _module_preset=&#8220;default&#8220; background_color=&#8220;#f6efe7&#8243; custom_padding=&#8220;||0px|||&#8220; global_colors_info=&#8220;{}&#8220;][\/et_pb_section][et_pb_section fb_built=&#8220;1&#8243; fullwidth=&#8220;on&#8220; _builder_version=&#8220;4.14.5&#8243; _module_preset=&#8220;default&#8220; custom_margin=&#8220;-75px||||false|false&#8220; custom_margin_tablet=&#8220;-35px||||false|false&#8220; custom_margin_phone=&#8220;-35px||||false|false&#8220; custom_margin_last_edited=&#8220;on|desktop&#8220; bottom_divider_style=&#8220;ramp&#8220; bottom_divider_color=&#8220;#FFFFFF&#8220; bottom_divider_height=&#8220;133px&#8220; global_colors_info=&#8220;{}&#8220;][et_pb_fullwidth_slider arrows_custom_color=&#8220;RGBA(255,255,255,0)&#8220; dot_nav_custom_color=&#8220;RGBA(255,255,255,0)&#8220; _builder_version=&#8220;4.14.5&#8243; _module_preset=&#8220;default&#8220; hover_enabled=&#8220;0&#8243; global_colors_info=&#8220;{}&#8220; sticky_enabled=&#8220;0&#8243;][et_pb_slide heading=&#8220;Datenschutzerkl\u00e4rung&#8220; use_bg_overlay=&#8220;on&#8220; bg_overlay_color=&#8220;rgba(211,211,211,0.23)&#8220; arrows_custom_color=&#8220;#FFFFFF&#8220; dot_nav_custom_color=&#8220;#FFFFFF&#8220; _builder_version=&#8220;4.14.5&#8243; _module_preset=&#8220;default&#8220; header_level=&#8220;h2&#8243; header_font=&#8220;Open Sans|600|||||||&#8220; header_font_size=&#8220;73px&#8220; body_font=&#8220;Open Sans|600|||||||&#8220; body_font_size=&#8220;33px&#8220; background_enable_color=&#8220;off&#8220; background_image=&#8220;http:\/\/hairbysusan.de\/wp-content\/uploads\/2022\/01\/header-scaled-1.jpg&#8220; background_enable_image=&#8220;on&#8220; hover_enabled=&#8220;0&#8243; header_text_shadow_style=&#8220;preset1&#8243; global_colors_info=&#8220;{}&#8220; sticky_transition=&#8220;on&#8220; title_text=&#8220;header-scaled&#8220; sticky_enabled=&#8220;0&#8243;][\/et_pb_slide][\/et_pb_fullwidth_slider][\/et_pb_section][et_pb_section fb_built=&#8220;1&#8243; _builder_version=&#8220;4.14.5&#8243; _module_preset=&#8220;default&#8220; global_colors_info=&#8220;{}&#8220;][et_pb_row _builder_version=&#8220;4.14.5&#8243; _module_preset=&#8220;default&#8220; global_colors_info=&#8220;{}&#8220;][et_pb_column type=&#8220;4_4&#8243; _builder_version=&#8220;4.14.5&#8243; _module_preset=&#8220;default&#8220; global_colors_info=&#8220;{}&#8220;][et_pb_text _builder_version=&#8220;4.14.5&#8243; _module_preset=&#8220;default&#8220; global_colors_info=&#8220;{}&#8220;]<\/p>\n<h2><strong>Datenschutz im \u00dcberblick<\/strong><\/h2>\n<p><strong><em>Allgemeines<\/em><\/strong><br \/>Nach den gesetzlichen Vorgaben m\u00fcssen Nutzer dieser Website \u00fcber Art und Umfang, Zweck der Erhebung und der Verwendung von personenbezogenen Daten auf dieser Website informiert werden. Mit den folgenden Hinweisen soll Ihnen ein einfacher \u00dcberblick dar\u00fcber gegeben werden, was mit Ihren personenbezogenen Daten geschieht, sofern Sie unsere Website besuchen. Hinsichtlich der hier verwendeten Begrifflichkeiten verweisen wir auf die Definitionen in Art. 4 der Datenschutzgrundverordnung (DSGVO)<\/p>\n<p><strong><em>Was sind personenbezogene Daten?<\/em><\/strong><br \/>Unter personenbezogenen Daten versteht man alle Informationen, die sich auf eine identifizierte oder identifizierbare nat\u00fcrliche Person (betroffene Person) beziehen, also s\u00e4mtliche Informationen mit denen Sie pers\u00f6nlich identifiziert werden k\u00f6nnen. Wenn Sie sich \u00fcber das Thema Datenschutz ausf\u00fchrlicher informieren m\u00f6chten, k\u00f6nnen Sie dies dieser Datenschutzerkl\u00e4rung entnehmen.<\/p>\n<p><strong><em>Was bedeutet das Verarbeiten von Daten?<\/em><\/strong><br \/>Unter Verarbeitung versteht man jeden mit oder ohne Hilfe automatisierter Verfahren ausgef\u00fchrten Vorgang, insbesondere zum Erfassen, zum Speichern, zum Verwenden, zum Ver\u00e4ndern oder zum L\u00f6schen von Daten.<\/p>\n<p><strong><em>Welche Arten Daten werden auf dieser Website erfasst?<\/em><\/strong><br \/>\u00dcber diese Website k\u00f6nnen Bestandsdaten (z.B. Name\/Adresse), Kontaktdaten (z.B. E-Mail\/Telefonnummer), Nutzungsdaten (z.B. besuchte Seiten\/Zeiten des Zugriffs) und Kommunikationsdaten (z.B. IP-Adressen\/Ger\u00e4teinformationen) erfasst werden.<\/p>\n<p><strong><em>Wer erfasst die Daten auf dieser Website?<\/em><\/strong><br \/>Die Erfassung der Daten auf dieser Website erfolgt durch den Betreiber. Die entsprechenden Kontaktdaten des Betreibers k\u00f6nnen Sie den Angaben weiter unten zur verantwortlichen Stelle oder dem Impressum der Website entnehmen.<\/p>\n<p><strong><em>Wie werden Ihre Daten erfasst?<\/em><\/strong><br \/>Erfasst werden Ihre Daten dadurch, dass Sie uns diese beispielsweise mitteilen. Dies kann z.B. dadurch geschehen, dass Sie die Daten per E-Mail \u00fcbermitteln oder in ein Formular eingeben.<\/p>\n<p>Es gibt jedoch auch andere Daten, die automatisch beim Besuch der Website z.B. durch Ihren Computer oder Ihr Smartphone von unseren IT-Systemen erfasst werden. Hierbei handelt es sich vor allem um technische Daten, beispielsweise mit welchem Internetbrowser Sie im Internet unterwegs sind, welches Betriebssystem Sie nutzen oder an welchem Tag oder zu welcher Uhrzeit Sie unsere Website besucht haben. Diese Datenerfassung erfolgt automatisch, sobald Sie mit der Website verbunden sind.<\/p>\n<p><strong><em>Wof\u00fcr werden Ihre Daten genutzt?<\/em><\/strong><br \/>Ein gro\u00dfer Teil der Daten wird erhoben, um festzustellen, was Sie auf unserer Website nutzen. Damit ist es uns m\u00f6glich, eine fehlerfreie Darstellung der Website sicherzustellen. Ein anderer Teil wird dazu ben\u00f6tig festzustellen, welche Teile der Website Sie besucht haben und was Sie interessiert hat. Wenn Sie uns Ihre Kontaktdaten zur Verf\u00fcgung stellen, dann werden diese Informationen dazu ben\u00f6tigt, mit Ihnen in Kontakt zu treten und zu kommunizieren.<\/p>\n<p><strong><em>Welche Rechte haben Sie hinsichtlich der von Ihnen \u00fcbermittelten Daten?<\/em><\/strong><br \/>Hinsichtlich der von Ihnen gespeicherten personenbezogenen Daten haben Sie jederzeit das Recht, unentgeltlich Auskunft \u00fcber Herkunft, Empf\u00e4nger und Zweck dieser Daten zu erhalten. Sie k\u00f6nnen ferner eine Berichtigung, eine Sperrung, eine vollst\u00e4ndige oder eine teilweise L\u00f6schung dieser Daten verlangen. Sofern Sie zum Thema Datenschutz Fragen haben, k\u00f6nnen Sie sich jederzeit an uns wenden, insbesondere an die unten angegebene verantwortliche Stelle oder die im Impressum angegebene Adresse. Dar\u00fcber hinaus bleibt es Ihnen unbenommen, sich bei der zust\u00e4ndigen Aufsichtsbeh\u00f6rde zu beschweren.<\/p>\n<p><strong><em>Was sind Analysetools und andere Tools von Dritten?<\/em><\/strong><br \/>Das Surfverhalten Ihrerseits auf unserer Website kann, sobald Sie diese besuchen, ausgewertet werden. Dies geschieht vor allem unter Zuhilfenahme von Cookies und ggf. unter Nutzung bestimmter Analyseprogramme. Normalerweise erfolgt die Analyse Ihres Surfverhaltens anonym und es kann nicht zu Ihnen zur\u00fcckverfolgt werden. Hierzu haben Sie die M\u00f6glichkeit, der Analyse zu widersprechen, oder Sie k\u00f6nnen die Nutzung bestimmter Tools verhindern. N\u00e4here Informationen und Anleitungen hierzu finden Sie in den nachfolgenden Hinweisen.<\/p>\n<h3><strong><\/strong><\/h3>\n<h3><strong><\/strong><\/h3>\n<h2><span style=\"color: #000000;\"><strong>Pflichtinformationen und weitere Hinweise<\/strong><\/span><\/h2>\n<ol>\n<li style=\"list-style-type: none;\">\n<ol>\n<li><strong>Datenschutz<\/strong><br \/>Wir als Betreiber der Website nehmen den Schutz Ihrer pers\u00f6nlichen Daten sehr ernst. Die von Ihnen \u00fcbermittelten personenbezogenen Daten werden entsprechend der gesetzlichen Vorschriften \u00fcber den Datenschutz sowie dieser Datenschutzerkl\u00e4rung vertraulich behandelt. Das Nutzen dieser Website l\u00f6st aus, dass verschiedene personenbezogene Daten erhoben werden. Personenbezogene Daten sind solche Daten, mit denen Sie identifiziert werden k\u00f6nnen. Diese Datenschutzerkl\u00e4rung soll erl\u00e4utern, welche Daten von Ihnen erhoben und wof\u00fcr sie genutzt werden. Au\u00dferdem wird Ihnen damit erl\u00e4utert, zu welchem Zweck dies geschieht.Grunds\u00e4tzlich m\u00f6chten wir darauf hinweisen, dass eine Daten\u00fcbertragung im Internet, beispielsweise durch die Kommunikation per E-Mail nicht in allen Belangen sicher ist. Ein l\u00fcckenloser Schutz von Daten vor dem Zugriff durch Dritte ist leider nicht vollst\u00e4ndig m\u00f6glich.<\/li>\n<li><strong>Rechtsgrundlagen<\/strong><br \/>Nach Art. 13 DSGVO m\u00f6chten wir Ihnen die Rechtsgrundlagen benennen, aufgrund derer wir die Datenverarbeitungen durchf\u00fchren. Sofern keine besondere Rechtsgrundlage in dieser Datenschutzerkl\u00e4rung genannt wird, gilt das Folgende:<br \/>Nach Art. 6 Abs. 1 lit. a) und Art. 7 DSGVO ist es m\u00f6glich, Ihre Einwilligung zur Datenverarbeitung einzuholen. Rechtsgrundlage f\u00fcr die Verarbeitung Ihrer Daten zur Erf\u00fcllung von Leistungen durch uns und zur Beantwortung Ihrer Anfragen ist Art. 6 Abs. 1 lit. b) DSGVO. Die Vorschrift des Art. 6 Abs. 1 lit. c) DSGVO ist Grundlage f\u00fcr die Verarbeitung der Daten zur Erf\u00fcllung der uns obliegenden rechtlichen Verpflichtungen und Art. 6 Abs. 1 lit. f) DSGVO erm\u00f6glicht es uns, Ihre Daten zur Wahrung unserer berechtigten Interessen zu verarbeiten.<\/li>\n<li><strong>Verantwortliche Stelle<\/strong><br \/>F\u00fcr die Datenverarbeitung auf dieser Website ist folgende Stelle verantwortlich: <span>Ihn. Susan Majed, Unterratherstr.105, 40468 D\u00fcsseldorf<\/span>. Als verantwortliche Stelle ist die oben genannte juristische Person, die allein oder gemeinsam mit anderen \u00fcber die Zwecke und Mittel der Verarbeitung von personenbezogenen Daten entscheidet.<\/li>\n<li><strong>\u00c4nderungen oder Aktualisierungen der Datenschutzerkl\u00e4rung<\/strong><br \/>Sobald \u00c4nderungen der von uns durchgef\u00fchrten Verarbeitungen der Daten es erforderlich machen, werden wir die Datenschutzerkl\u00e4rung aktualisieren. Daher werden Sie gebeten, sich regelm\u00e4\u00dfig \u00fcber den Inhalt dieser Datenschutzerkl\u00e4rung zu informieren.<\/li>\n<li><strong>Auskunftsrecht<\/strong><br \/>Nach Art. 15 DSGVO haben Sie das Recht von uns eine Best\u00e4tigung dar\u00fcber zu verlangen, ob durch uns Sie betreffende Daten verarbeitet werden. Dar\u00fcber hinaus haben Sie nach dieser Vorschrift ein Recht auf Auskunft \u00fcber diese Daten und ein Recht dazu, eine Kopie dieser Daten zur Verf\u00fcgung gestellt zu bekommen.<\/li>\n<li><strong>Berichtigungsrecht<\/strong><br \/>Art. 16 DSGVO gibt Ihnen das Recht die Vervollst\u00e4ndigung und\/oder Berichtigung der Sie betreffenden Daten zu verlangen.<\/li>\n<li><strong>Recht auf L\u00f6schung<\/strong><br \/>Nach Ma\u00dfgabe des Art. 17 DSGVO haben Sie das Recht zu verlangen, dass Sie betreffende Daten unverz\u00fcglich gel\u00f6scht werden.<\/li>\n<li><strong>Recht auf Einschr\u00e4nkung der Verarbeitung<\/strong><br \/>Nach Art. 18 DSGVO k\u00f6nnen Sie eine Einschr\u00e4nkung der Verarbeitung der Daten durch uns verlangen.<\/li>\n<li><strong>Recht auf Daten\u00fcbertragbarkeit<\/strong><br \/>Sie haben nach Art. 20 DSGVO das Recht an sich oder einen Dritten in einem g\u00e4ngigen und maschinenlesbaren Format, die von Ihnen bereitgestellten Daten \u00fcbertragen zu lassen. Sofern Sie die direkte \u00dcbertragung der Daten an eine andere verantwortliche Stelle verlangen, kann dies nur erfolgen, soweit dies technisch machbar ist.<\/li>\n<li><strong>Widerrufsrecht<\/strong><br \/>Bei vielen Datenverarbeitungsvorg\u00e4ngen ist es erforderlich, dass Sie eine ausdr\u00fcckliche Einwilligung dazu abgeben. Eine einmal erteilte Einwilligung kann durch Sie jederzeit nach Art. 7 Abs. 3 DSGVO widerrufen werden. Grunds\u00e4tzlich reicht dazu eine formlose Mitteilung, beispielsweise per E-Mail an uns aus. Die Rechtm\u00e4\u00dfigkeit der Datenverarbeitung bleibt grunds\u00e4tzlich von einem m\u00f6glichen Widerruf unber\u00fchrt.<\/li>\n<li><strong>Widerspruchsrecht<\/strong><br \/>Nach Art. 21 DSGVO steht Ihnen das Recht zu, einer k\u00fcnftigen Verarbeitung der Sie betreffenden Daten durch uns zu widersprechen. Der Widerspruch kann sich auch dagegen richten, dass eine Verarbeitung durch uns zum Zwecke der Direktwerbung erfolgt.<\/li>\n<li><strong>Beschwerderecht bei der Aufsichtsbeh\u00f6rde<\/strong><br \/>Sofern Sie meinen, dass ein Versto\u00df gegen datenschutzrechtliche Bestimmungen erfolgt ist, steht Ihnen ein Beschwerderecht bei der zust\u00e4ndigen Aufsichtsbeh\u00f6rde zu. Die zust\u00e4ndige Aufsichtsbeh\u00f6rde hinsichtlich von datenschutzrechtlichen Fragen ist der Landesdatenschutzbeauftragte des Bundeslandes, in dem wir unseren Sitz haben; dies ist Nordrhein-Westfalen. Eine Liste der jeweiligen Beauftragten f\u00fcr den Datenschutz sowie die konkreten Kontaktdaten k\u00f6nnen folgendem Link entnommen werden:<span>\u00a0<\/span><span style=\"color: #0c71c3;\"><a href=\"https:\/\/www.bfdi.bund.de\/DE\/Infothek\/Anschriften_Links\/anschriften_links-node.html\" target=\"_blank\" rel=\"noopener\" style=\"color: #0c71c3;\">https:\/\/www.bfdi.bund.de\/DE\/Infothek\/Anschriften_Links\/anschriften_links-node.html<\/a><\/span><\/li>\n<li><strong>SSL- bzw. TLS-Verschl\u00fcsselung<\/strong><br \/>Aus Sicherheitsgr\u00fcnden und zum Schutz der \u00dcbertragung von vertraulichen Inhalten nutzt diese Website eine SSL- bzw. TLS-Verschl\u00fcsselung. Sie k\u00f6nnen eine verschl\u00fcsselte Verbindung daran erkennen, dass in der Adresszeile Ihres Browsers die Adresse mit https:\/\/ beginnt, oder Sie ein Schloss in der Browserzeile sehen k\u00f6nnen. Wenn eine solche Verschl\u00fcsselung aktiviert ist, k\u00f6nnen die Daten, die Sie an uns \u00fcbermitteln nicht von Dritten mitgelesen werden.<br \/>\n<h2><\/h2>\n<\/li>\n<\/ol>\n<\/li>\n<\/ol>\n<h2><span style=\"color: #000000;\"><strong>L\u00f6schung von Daten<\/strong><\/span><\/h2>\n<p>Auf Grundlage der Art. 17 und 18 DSGVO werden die von Ihnen bereitgestellten und von uns verarbeiteten Daten gel\u00f6scht oder in Ihrer Verarbeitung eingeschr\u00e4nkt. Sofern es in dieser Datenschutzerkl\u00e4rung nicht ausdr\u00fccklich angegeben wird, wann entsprechende Daten gel\u00f6scht werden, so weisen wir an dieser Stelle darauf hin, dass sie gel\u00f6scht werden, sobald der Zweck f\u00fcr die Verarbeitung erreicht ist und keine gesetzlichen Aufbewahrungspflichten dem entgegenstehen. In letzterem Fall werden die Daten in deren Verarbeitung eingeschr\u00e4nkt. Das gilt insbesondere f\u00fcr solche Daten, die aufgrund von handels- oder steuerrechtlichen Gr\u00fcnden aufzubewahren sind. F\u00fcr diese besteht nach \u00a7 257 Abs. 1 HGB eine Aufbewahrungspflicht \u00fcber sechs Jahre f\u00fcr z.B. Handelsb\u00fccher, Inventare, Er\u00f6ffnungsbilanzen, Jahresabschl\u00fcsse, Handelsbriefe, Buchungsbelege usw. sowie nach \u00a7 147 Abs. 1 AO \u00fcber zehn Jahre f\u00fcr z.B. B\u00fccher, Aufzeichnungen, Lageberichte, Buchungsbelege, Handels- und Gesch\u00e4ftsbriefe, relevante Unterlagen mit Bedeutung f\u00fcr die Besteuerung usw.<\/p>\n<h3><strong><\/strong><\/h3>\n<h3><strong><\/strong><\/h3>\n<h3><strong><\/strong><\/h3>\n<h2><span style=\"color: #000000;\"><strong>Datenerfassung auf unserer Website<\/strong><\/span><\/h2>\n<ol>\n<li style=\"list-style-type: none;\">\n<ol>\n<li style=\"list-style-type: none;\">\n<ol>\n<li><strong>Server Log-Dateien<\/strong><span>\u00a0<\/span>Unsere Website wird auf Servern gespeichert. Der Provider des Servers speichert automatisch Informationen \u00fcber den Besuch auf unserer Website. Hierbei handelt es sich um sogenannte Log-Dateien, die durch den von Ihnen verwendeten Browser automatisch \u00fcbermittelt werden. Es werden insbesondere folgende Informationen \u00fcbermittelt:\u2013 Sprache,<br \/>\u2013 Browsertyp und Browserversion,<br \/>\u2013 Zeitpunkt der Serveranfrage,<br \/>\u2013 IP-Adresse,<br \/>\u2013 Fehlercodes,<br \/>\u2013 verwendetes Betriebssystem,<br \/>\u2013 Referrer URL.Grunds\u00e4tzlich werden diese Daten nicht mit anderen Datenquellen zusammengef\u00fchrt.<br \/>F\u00fcr die Erhebung und Verarbeitung dieser Daten ist die rechtliche Grundlage Art. 6 Abs. 2 lit. f) DSGVO. Diese gesetzliche Grundlage bildet das berechtigte Interesse zur Erf\u00fcllung eines Vertrages bzw. von vorvertraglichen Ma\u00dfnahmen.<\/li>\n<li><strong>Cookies<\/strong><br \/>Unsere Website verwendet teilweise sogenannte Cookies. Cookies dienen dazu, das Angebot auf unseren Seiten benutzerfreundlich, effektiv und sicher zu machen. Cookies sind kleine Dateien, die auf Ihrem Rechner abgelegt und f\u00fcr einen sp\u00e4teren Abruf gespeichert werden.Wir verwenden sogenannte \u201eSession-Cookies\u201c. Diese werden nur f\u00fcr die Zeitdauer des aktuellen Besuchs auf unserer Website abgelegt. Sie werden nach Ende Ihres Besuchs auf unserer Website automatisch gel\u00f6scht. Falls Sie es nicht m\u00f6chten, dass Cookies auf Ihrem Rechner gespeichert werden, ist es erforderlich, eine entsprechende Option in den Systemeinstellungen Ihres Browsers zu deaktivieren. Bereits gespeicherte Cookies k\u00f6nnen in den Systemeinstellungen auch gel\u00f6scht werden. Sofern Sie allerdings w\u00fcnschen, dass keine Cookies gespeichert werden, kann die Funktionalit\u00e4t dieser Website eingeschr\u00e4nkt sein. Sofern Cookies eingesetzt werden, die zur Durchf\u00fchrung des elektronischen Kommunikationsvorgangs oder zur Bereitstellung bestimmter, von Ihnen erw\u00fcnschter Funktionen erforderlich sind, werden diese auf der Grundlage von Art. 6 Abs. 1 lit. f) DSGVO gespeichert und verarbeitet. Wir als Websitebetreiber haben ein berechtigtes Interesse an der Speicherung von Cookies, damit ein technisch fehlerfreier Betrieb der Website gew\u00e4hrleistet ist.\u00dcber den Einsatz von Cookies, die beispielsweise zur Analyse Ihres Surfverhaltens gespeichert werden, werden Sie im Rahmen dieser Datenschutzerkl\u00e4rung gesondert informiert.<\/li>\n<li><strong>Kontaktformular\/E-Mail<\/strong><br \/>Wenn Sie den Weg w\u00e4hlen, uns Anfragen \u00fcber das Kontaktformular auf der Website zukommen zu lassen, werden die Informationen aus dem Formular inkl. der von Ihnen dort angegebenen Kontaktdaten zwecks Bearbeitung der Anfrage und f\u00fcr den Fall von weiteren Fragen gespeichert. Die Weitergabe dieser Daten erfolgt nicht ohne Ihre ausdr\u00fcckliche Einwilligung.Die Verarbeitung der durch Sie in das Kontaktformular eingegebenen Daten erfolgt daher insbesondere auf Grundlage Ihrer Einwilligung nach Art. 6 Abs. 1 lit. a) DSGVO. Die erteilte Einwilligung k\u00f6nnen Sie jederzeit widerrufen. Dazu reicht eine formlose Mitteilung beispielsweise per E-Mail aus. Grunds\u00e4tzlich bleibt die Rechtm\u00e4\u00dfigkeit der bis zum Widerruf erfolgten Datenverarbeitungsvorg\u00e4nge unber\u00fchrt. Bei einer Kontaktaufnahme, die ohne ausdr\u00fcckliche Einwilligung Ihrerseits, z.B. per E-Mail erfolgt, wird die Verarbeitung der Daten auf der Grundlage des Art. 6 Abs. 1 lit. b) DSGVO zur Bearbeitung der Kontaktanfrage und deren Abwicklung durchgef\u00fchrt.S\u00e4mtliche von Ihnen bereitgestellte Daten verbleiben bei uns, bis Sie zur L\u00f6schung derselben auffordern, Ihre Einwilligung zur Speicherung widerrufen oder der Zweck f\u00fcr die Datenspeicherung entf\u00e4llt. Letzteres ist beispielsweise bei einer abgeschlossenen Bearbeitung Ihrer Anfrage der Fall. Eine \u00dcberpr\u00fcfung der Erforderlichkeit erfolgt alle zwei Jahre. Im Fall der gesetzlichen Archivierungspflichten erfolgt die L\u00f6schung Ihrer Daten nach dem jeweiligen Ablauf. Unber\u00fchrt bleiben selbstverst\u00e4ndlich zwingende gesetzliche Bestimmungen, insbesondere gesetzlichen Aufbewahrungsfristen (6 Jahre bei handelsrechtlicher und 10 Jahre bei steuerlicher Aufbewahrungspflicht).<strong><\/strong><strong><\/strong><br \/>\n<h2><span style=\"color: #000000;\"><strong>Plug-ins und Tools<\/strong><\/span><\/h2>\n<h3><strong><\/strong><\/h3>\n<h3><strong><\/strong><\/h3>\n<ol>\n<li><strong>YouTube<\/strong><br \/>Auf unserer Website werden Plug-ins von der von Google betriebenen Seite<br \/>YouTube verwendet. Betreiber der Seiten ist die YouTube LLC, 901 Cherry Ave., San Bruno, CA 94066, USA. Wenn Sie eine Seite besuchen, die mit einem YouTube Plug-in ausgestattet ist, wird eine Verbindung zu den Servern von YouTube hergestellt. Dabei wird dem YouTube-Server mitgeteilt, welche unserer Seiten von Ihnen besucht wurde. Sofern Sie mit einem YouTube-Account eingeloggt sind, erm\u00f6glichen Sie YouTube, Ihr Surfverhalten direkt Ihrem pers\u00f6nlichen Profil zuzuordnen. Dies k\u00f6nnen Sie immer verhindern, indem Sie sich aus Ihrem YouTube-Account ausloggen. YouTube wird durch uns genutzt, damit die entsprechende und ansprechende Darstellung unseres Onlineangebots sichergestellt werden kann. Dies ist ein berechtigtes Interesse im Sinne von Art. 6 Abs. 1 lit. f) DSGVO.Weitergehende Informationen zum Umgang mit den Nutzerdaten finden Sie in der Datenschutzerkl\u00e4rung von YouTube unter:<br \/><span style=\"color: #0c71c3;\"><a href=\"https:\/\/www.google.de\/intl\/de\/policies\/privacy\" target=\"_blank\" rel=\"noopener\" style=\"color: #0c71c3;\">https:\/\/www.google.de\/intl\/de\/policies\/privacy<\/a><\/span><\/li>\n<li><strong>Vimeo Plug-in<\/strong><br \/>Auf unserer Website werden Plug-ins des Videoportals Vimeo genutzt. Betreiber f\u00fcr die Plug-ins ist die Vimeo Inc., 55 West Eighteenth th Street, New York, New York 10011, USA. Wenn Sie eine Seite Besuchen, die mit einem Vimeo Plug-in ausgestattet ist, wird eine Verbindung zu den Servern von Vimeo hergestellt. Dabei wird dem Vimeo Server mitgeteilt, welche unserer Seiten von Ihnen besucht wurde. Sofern Sie mit einem Vimeo-Account eingeloggt sind, erm\u00f6glichen Sie Vimeo, Ihr Surfverhalten direkt Ihrem pers\u00f6nlichen Profil zuzuordnen. Das kann durch Sie verhindert werden, indem Sie sich aus Ihrem Vimeo-Account ausloggen.Das Nutzen von Vimeo durch uns wird dazu ben\u00f6tigt, dass eine entsprechende und ansprechende Darstellung unseres Online-Angebots sichergestellt werden kann. Dies ist ein berechtigtes Interesse im Sinne von Art. 6 Abs. 1 lit. f) DSGVO.Weitere Informationen zum Umgang mit Nutzerdaten finden Sie in der Datenschutzerkl\u00e4rung von Vimeo unter:<span>\u00a0<\/span><span style=\"color: #95c540;\"><a href=\"https:\/\/vimeo.com\/privacy\" target=\"_blank\" rel=\"noopener\" style=\"color: #95c540;\">https:\/\/vimeo.com\/privacy<\/a><\/span><\/li>\n<li><strong>Google Maps<\/strong><br \/>Unsere Website nutzt \u00fcber eine Programmierschnittstelle (API) den Datendienst Google Maps. Betreiber der Seiten ist die Google Inc., 1600 Amphietheatre Parkway, Mountain View, CA 94043, USA.Notwendig ist es zur Nutzung der Funktionen von Google Maps, Ihre IP-Adresse zu speichern. In der Regel werden diese Informationen an einen Server von Google in den USA \u00fcbertragen und dort gespeichert. Der Anbieter dieser Seite, also wir, haben keinen Einfluss auf diese Daten\u00fcbertragung.Die Nutzung von Google Maps erfolgt zu einer entsprechenden und ansprechenden Darstellung unseres Online-Angebots und dient der leichten Auffindbarkeit der von uns auf der Website angegebenen Orte. Dies stellt ein berechtigtes Interesse von Art. 6 Abs. 1 lit. f) DSGVO dar.Weitere Informationen zum Umgang mit Nutzerdaten finden Sie in der Datenschutzerkl\u00e4rung von Google:<br \/><span style=\"color: #0c71c3;\"><a href=\"https:\/\/www.google.de\/intl\/de\/policies\/privacy\" target=\"_blank\" rel=\"noopener\" style=\"color: #0c71c3;\">https:\/\/www.google.de\/intl\/de\/policies\/privacy<\/a><\/span><\/li>\n<\/ol>\n<\/li>\n<\/ol>\n<\/li>\n<\/ol>\n<\/li>\n<\/ol>\n<p><span>D\u00fcsseldorf, 14.01.2022<\/span><\/p>\n<p>[\/et_pb_text][\/et_pb_column][\/et_pb_row][\/et_pb_section]<\/p>\n","protected":false},"excerpt":{"rendered":"<p>Datenschutz im \u00dcberblick AllgemeinesNach den gesetzlichen Vorgaben m\u00fcssen Nutzer dieser Website \u00fcber Art und Umfang, Zweck der Erhebung und der Verwendung von personenbezogenen Daten auf dieser Website informiert werden. Mit den folgenden Hinweisen soll Ihnen ein einfacher \u00dcberblick dar\u00fcber gegeben werden, was mit Ihren personenbezogenen Daten geschieht, sofern Sie unsere Website besuchen. Hinsichtlich der hier [&hellip;]<\/p>\n","protected":false},"author":1,"featured_media":0,"parent":0,"menu_order":0,"comment_status":"closed","ping_status":"closed","template":"","meta":{"_et_pb_use_builder":"on","_et_pb_old_content":"","_et_gb_content_width":"","footnotes":""},"dipi_cpt_category":[],"class_list":["post-15","page","type-page","status-publish","hentry"],"_links":{"self":[{"href":"https:\/\/hairbysusan.de\/index.php\/wp-json\/wp\/v2\/pages\/15","targetHints":{"allow":["GET"]}}],"collection":[{"href":"https:\/\/hairbysusan.de\/index.php\/wp-json\/wp\/v2\/pages"}],"about":[{"href":"https:\/\/hairbysusan.de\/index.php\/wp-json\/wp\/v2\/types\/page"}],"author":[{"embeddable":true,"href":"https:\/\/hairbysusan.de\/index.php\/wp-json\/wp\/v2\/users\/1"}],"replies":[{"embeddable":true,"href":"https:\/\/hairbysusan.de\/index.php\/wp-json\/wp\/v2\/comments?post=15"}],"version-history":[{"count":4,"href":"https:\/\/hairbysusan.de\/index.php\/wp-json\/wp\/v2\/pages\/15\/revisions"}],"predecessor-version":[{"id":211070,"href":"https:\/\/hairbysusan.de\/index.php\/wp-json\/wp\/v2\/pages\/15\/revisions\/211070"}],"wp:attachment":[{"href":"https:\/\/hairbysusan.de\/index.php\/wp-json\/wp\/v2\/media?parent=15"}],"wp:term":[{"taxonomy":"dipi_cpt_category","embeddable":true,"href":"https:\/\/hairbysusan.de\/index.php\/wp-json\/wp\/v2\/dipi_cpt_category?post=15"}],"curies":[{"name":"wp","href":"https:\/\/api.w.org\/{rel}","templated":true}]}}