{"id":13,"date":"2021-08-22T06:12:24","date_gmt":"2021-08-22T06:12:24","guid":{"rendered":"http:\/\/hairbysusan.de\/?page_id=13"},"modified":"2022-01-14T11:29:27","modified_gmt":"2022-01-14T11:29:27","slug":"impressum","status":"publish","type":"page","link":"https:\/\/hairbysusan.de\/index.php\/impressum\/","title":{"rendered":"Impressum"},"content":{"rendered":"<p>[et_pb_section fb_built=&#8220;1&#8243; admin_label=&#8220;Header&#8220; _builder_version=&#8220;4.11.3&#8243; _module_preset=&#8220;default&#8220; background_color=&#8220;#f6efe7&#8243; custom_padding=&#8220;||0px|||&#8220; global_colors_info=&#8220;{}&#8220;][\/et_pb_section][et_pb_section fb_built=&#8220;1&#8243; fullwidth=&#8220;on&#8220; _builder_version=&#8220;4.14.5&#8243; _module_preset=&#8220;default&#8220; custom_margin=&#8220;-75px||||false|false&#8220; custom_margin_tablet=&#8220;-35px||||false|false&#8220; custom_margin_phone=&#8220;-35px||||false|false&#8220; custom_margin_last_edited=&#8220;on|desktop&#8220; bottom_divider_style=&#8220;ramp&#8220; bottom_divider_color=&#8220;#FFFFFF&#8220; bottom_divider_height=&#8220;133px&#8220; global_colors_info=&#8220;{}&#8220;][et_pb_fullwidth_slider arrows_custom_color=&#8220;RGBA(255,255,255,0)&#8220; dot_nav_custom_color=&#8220;RGBA(255,255,255,0)&#8220; _builder_version=&#8220;4.14.5&#8243; _module_preset=&#8220;default&#8220; global_colors_info=&#8220;{}&#8220;][et_pb_slide heading=&#8220;Impressum&#8220; use_bg_overlay=&#8220;on&#8220; bg_overlay_color=&#8220;rgba(211,211,211,0.23)&#8220; arrows_custom_color=&#8220;#FFFFFF&#8220; dot_nav_custom_color=&#8220;#FFFFFF&#8220; _builder_version=&#8220;4.14.5&#8243; _module_preset=&#8220;default&#8220; header_level=&#8220;h2&#8243; header_font=&#8220;Open Sans|600|||||||&#8220; header_font_size=&#8220;73px&#8220; body_font=&#8220;Open Sans|600|||||||&#8220; body_font_size=&#8220;33px&#8220; background_enable_color=&#8220;off&#8220; background_image=&#8220;http:\/\/hairbysusan.de\/wp-content\/uploads\/2022\/01\/header-scaled-1.jpg&#8220; background_enable_image=&#8220;on&#8220; header_text_shadow_style=&#8220;preset1&#8243; global_colors_info=&#8220;{}&#8220; sticky_transition=&#8220;on&#8220;][\/et_pb_slide][\/et_pb_fullwidth_slider][\/et_pb_section][et_pb_section fb_built=&#8220;1&#8243; _builder_version=&#8220;4.14.5&#8243; _module_preset=&#8220;default&#8220; global_colors_info=&#8220;{}&#8220;][et_pb_row _builder_version=&#8220;4.14.5&#8243; _module_preset=&#8220;default&#8220; global_colors_info=&#8220;{}&#8220;][et_pb_column type=&#8220;4_4&#8243; _builder_version=&#8220;4.14.5&#8243; _module_preset=&#8220;default&#8220; global_colors_info=&#8220;{}&#8220;][et_pb_text _builder_version=&#8220;4.14.5&#8243; _module_preset=&#8220;default&#8220; hover_enabled=&#8220;0&#8243; global_colors_info=&#8220;{}&#8220; sticky_enabled=&#8220;0&#8243;]<\/p>\n<p>&nbsp;<\/p>\n<p><strong>Kontakt:<\/strong><\/p>\n<p><strong>Inhaber:<\/strong> Susan Majed<\/p>\n<p>Hair by Susan<\/p>\n<p>Unterratherstr. 105<\/p>\n<p>40468 D\u00fcsseldorf<\/p>\n<p>Email: <a href=\"mailto:info@hairbysusan.de\">info@hairbysusan.de<\/a><\/p>\n<p>Telefon: 021198430666<\/p>\n<p>&nbsp;<\/p>\n<p><strong style=\"font-size: 14px;\">Inhaltlich verantwortlich gem\u00e4\u00df \u00a7 55 Abs. 2 RStV:<\/strong><\/p>\n<div dir=\"auto\">\n<div id=\"c90\" class=\"frame frame-default frame-type-textmedia frame-layout-0 frame-space-before-medium frame-space-after-medium\">\n<div class=\"frame-content\">\n<div class=\"frame-content-inner\">\n<div class=\"ce-textpic ce-center ce-above\">\n<div class=\"ce-bodytext\">\n<p>Susan Majed, Unterratherstr.105, 40468 D\u00fcsseldorf\u00a0<\/p>\n<p><span style=\"font-size: 14px;\">Wir nehmen nicht an einem Streitbeilegungsverfahren vor einer Verbraucherschlichtungsstelle teil.<\/span><\/p>\n<\/div>\n<\/div>\n<\/div>\n<\/div>\n<\/div>\n<div id=\"c179\" class=\"frame frame-default frame-type-textmedia frame-layout-0 frame-space-before-medium frame-space-after-large\">\n<div class=\"frame-content\">\n<div class=\"frame-content-inner\">\n<div class=\"ce-textpic ce-center ce-above\">\n<div class=\"ce-bodytext\">\n<p><strong><\/strong><\/p>\n<h3><\/h3>\n<h3><\/h3>\n<h3><\/h3>\n<h3><strong>HAFTUNGSAUSSCHLUSS<\/strong><\/h3>\n<p><strong><span style=\"color: #ff9400;\"><\/span><\/strong><\/p>\n<p><strong>Haftung f\u00fcr Inhalte<\/strong><br \/>Die Inhalte unserer Seiten wurden mit gr\u00f6\u00dfter Sorgfalt erstellt. F\u00fcr die Richtigkeit, Vollst\u00e4ndigkeit und Aktualit\u00e4t der Inhalte k\u00f6nnen wir jedoch keine Gew\u00e4hr \u00fcbernehmen. Als Diensteanbieter sind wir gem\u00e4\u00df \u00a7 7 Abs.1 TMG f\u00fcr eigene Inhalte auf diesen Seiten nach den allgemeinen Gesetzen verantwortlich. Nach \u00a7\u00a7 8 bis 10 TMG sind wir als Diensteanbieter jedoch nicht verpflichtet, \u00fcbermittelte oder gespeicherte fremde Informationen zu \u00fcberwachen oder nach Umst\u00e4nden zu forschen, die auf eine rechtswidrige T\u00e4tigkeit hinweisen. Verpflichtungen zur Entfernung oder Sperrung der Nutzung von Informationen nach den allgemeinen Gesetzen bleiben hiervon unber\u00fchrt. Eine diesbez\u00fcgliche Haftung ist jedoch erst ab dem Zeitpunkt der Kenntnis einer konkreten Rechtsverletzung m\u00f6glich. Bei Bekanntwerden von entsprechenden Rechtsverletzungen werden wir diese Inhalte umgehend entfernen.<\/p>\n<p><strong>Haftung f\u00fcr Links<\/strong><br \/>Unser Angebot enth\u00e4lt Links zu externen Webseiten Dritter, auf deren Inhalte wir keinen Einfluss haben. F\u00fcr die Inhalte der verlinkten Seiten ist stets der jeweilige Anbieter oder Betreiber der Seiten verantwortlich. F\u00fcr die Inhalte und die Richtigkeit der Informationen verlinkter Websites fremder Informationsanbieter wird keine Gew\u00e4hr \u00fcbernommen. Die verlinkten Seiten wurden zum Zeitpunkt der Verlinkung auf m\u00f6gliche Rechtsverst\u00f6\u00dfe ohne Beanstandung \u00fcberpr\u00fcft. Bei bekannt werden von Rechtsverletzungen werden wir derartige Links umgehend entfernen.<\/p>\n<p><strong>Copyright<\/strong><br \/>S\u00e4mtliche Texte, Bilder und andere auf der Internetseite ver\u00f6ffentlichten Werke unterliegen dem Copyright des Seitenbetreibers. Jede Vervielf\u00e4ltigung, Verbreitung, Speicherung, \u00dcbermittlung, Sendung und Wieder- bzw. Weitergabe der Inhalte ist ohne schriftliche Genehmigung des Seitenbetreibers ausdr\u00fccklich untersagt.<\/p>\n<p>&nbsp;<\/p>\n<\/div>\n<\/div>\n<\/div>\n<\/div>\n<\/div>\n<\/div>\n<p>[\/et_pb_text][\/et_pb_column][\/et_pb_row][\/et_pb_section]<\/p>\n","protected":false},"excerpt":{"rendered":"<p>&nbsp; Kontakt: Inhaber: Susan Majed Hair by Susan Unterratherstr. 105 40468 D\u00fcsseldorf Email: info@hairbysusan.de Telefon: 021198430666 &nbsp; Inhaltlich verantwortlich gem\u00e4\u00df \u00a7 55 Abs. 2 RStV: Susan Majed, Unterratherstr.105, 40468 D\u00fcsseldorf\u00a0 Wir nehmen nicht an einem Streitbeilegungsverfahren vor einer Verbraucherschlichtungsstelle teil. HAFTUNGSAUSSCHLUSS Haftung f\u00fcr InhalteDie Inhalte unserer Seiten wurden mit gr\u00f6\u00dfter Sorgfalt erstellt. F\u00fcr die Richtigkeit, [&hellip;]<\/p>\n","protected":false},"author":1,"featured_media":0,"parent":0,"menu_order":0,"comment_status":"closed","ping_status":"closed","template":"","meta":{"_et_pb_use_builder":"on","_et_pb_old_content":"","_et_gb_content_width":"","footnotes":""},"dipi_cpt_category":[],"class_list":["post-13","page","type-page","status-publish","hentry"],"_links":{"self":[{"href":"https:\/\/hairbysusan.de\/index.php\/wp-json\/wp\/v2\/pages\/13","targetHints":{"allow":["GET"]}}],"collection":[{"href":"https:\/\/hairbysusan.de\/index.php\/wp-json\/wp\/v2\/pages"}],"about":[{"href":"https:\/\/hairbysusan.de\/index.php\/wp-json\/wp\/v2\/types\/page"}],"author":[{"embeddable":true,"href":"https:\/\/hairbysusan.de\/index.php\/wp-json\/wp\/v2\/users\/1"}],"replies":[{"embeddable":true,"href":"https:\/\/hairbysusan.de\/index.php\/wp-json\/wp\/v2\/comments?post=13"}],"version-history":[{"count":7,"href":"https:\/\/hairbysusan.de\/index.php\/wp-json\/wp\/v2\/pages\/13\/revisions"}],"predecessor-version":[{"id":211065,"href":"https:\/\/hairbysusan.de\/index.php\/wp-json\/wp\/v2\/pages\/13\/revisions\/211065"}],"wp:attachment":[{"href":"https:\/\/hairbysusan.de\/index.php\/wp-json\/wp\/v2\/media?parent=13"}],"wp:term":[{"taxonomy":"dipi_cpt_category","embeddable":true,"href":"https:\/\/hairbysusan.de\/index.php\/wp-json\/wp\/v2\/dipi_cpt_category?post=13"}],"curies":[{"name":"wp","href":"https:\/\/api.w.org\/{rel}","templated":true}]}}